{"id":35,"date":"2022-06-25T19:02:15","date_gmt":"2022-06-25T17:02:15","guid":{"rendered":"https:\/\/magistermelisa.pl\/?page_id=35"},"modified":"2024-01-26T23:18:25","modified_gmt":"2024-01-26T22:18:25","slug":"kontakt","status":"publish","type":"page","link":"https:\/\/magistermelisa.pl\/?page_id=35","title":{"rendered":"Skontaktuj si\u0119 ze mn\u0105 :)"},"content":{"rendered":"\n<p class=\"has-white-background-color has-background\">Je\u015bli przyjmujesz wiele lek\u00f3w, \u0142\u0105czysz leczenie z przyjmowaniem suplement\u00f3w diety i chcia\u0142by\u015b si\u0119 upewni\u0107, czy robisz to prawid\u0142owo, zapraszam do kontaktu, ch\u0119tnie Ci pomog\u0119. Cen\u0119 us\u0142ugi ustalimy, gdy poznam jej docelowy zakres.  <\/p>\n\n\n\n<p class=\"has-white-background-color has-background\">Jestem r\u00f3wnie\u017c otwarta na oferty wsp\u00f3\u0142pracy. <\/p>\n\n\n\n<p>Zapraszam na m\u00f3j profil na instagramie:<\/p>\n\n\n\n<figure class=\"wp-block-image size-large is-resized\"><img loading=\"lazy\" decoding=\"async\" width=\"891\" height=\"1024\" src=\"https:\/\/magistermelisa.pl\/wp-content\/uploads\/2024\/01\/magister_melisa_qr-891x1024.png\" alt=\"\" class=\"wp-image-176\" style=\"width:182px;height:auto\" srcset=\"https:\/\/magistermelisa.pl\/wp-content\/uploads\/2024\/01\/magister_melisa_qr-891x1024.png 891w, https:\/\/magistermelisa.pl\/wp-content\/uploads\/2024\/01\/magister_melisa_qr-261x300.png 261w, https:\/\/magistermelisa.pl\/wp-content\/uploads\/2024\/01\/magister_melisa_qr-768x882.png 768w, https:\/\/magistermelisa.pl\/wp-content\/uploads\/2024\/01\/magister_melisa_qr-1337x1536.png 1337w, https:\/\/magistermelisa.pl\/wp-content\/uploads\/2024\/01\/magister_melisa_qr-1783x2048.png 1783w\" sizes=\"(max-width: 891px) 100vw, 891px\" \/><\/figure>\n\n\n\n<p class=\"has-white-background-color has-background\">Je\u015bli preferujesz maila, t\u0105 drog\u0105 r\u00f3wnie\u017c mo\u017cemy si\u0119 skontaktowa\u0107 \ud83d\ude42<\/p>\n\n\n\n<p class=\"has-white-background-color has-background\"><a href=\"mailto:ewa@magistermelisa.pl\" title=\"\">ewa@magistermelisa.pl<\/a><\/p>\n","protected":false},"excerpt":{"rendered":"<p>Je\u015bli przyjmujesz wiele lek\u00f3w, \u0142\u0105czysz leczenie z przyjmowaniem suplement\u00f3w diety i chcia\u0142by\u015b si\u0119 upewni\u0107, czy robisz to prawid\u0142owo, zapraszam do kontaktu, ch\u0119tnie Ci pomog\u0119. Cen\u0119 us\u0142ugi ustalimy, gdy poznam jej docelowy zakres. Jestem r\u00f3wnie\u017c otwarta na oferty wsp\u00f3\u0142pracy. Zapraszam na m\u00f3j profil na instagramie: Je\u015bli preferujesz maila, t\u0105 drog\u0105 r\u00f3wnie\u017c mo\u017cemy si\u0119 skontaktowa\u0107 \ud83d\ude42 ewa@magistermelisa.pl<\/p>\n","protected":false},"author":1,"featured_media":0,"parent":0,"menu_order":0,"comment_status":"closed","ping_status":"closed","template":"","meta":{"om_disable_all_campaigns":false,"_mi_skip_tracking":false,"_monsterinsights_sitenote_active":false,"_monsterinsights_sitenote_note":"","_monsterinsights_sitenote_category":0,"footnotes":""},"aioseo_notices":[],"_links":{"self":[{"href":"https:\/\/magistermelisa.pl\/index.php?rest_route=\/wp\/v2\/pages\/35"}],"collection":[{"href":"https:\/\/magistermelisa.pl\/index.php?rest_route=\/wp\/v2\/pages"}],"about":[{"href":"https:\/\/magistermelisa.pl\/index.php?rest_route=\/wp\/v2\/types\/page"}],"author":[{"embeddable":true,"href":"https:\/\/magistermelisa.pl\/index.php?rest_route=\/wp\/v2\/users\/1"}],"replies":[{"embeddable":true,"href":"https:\/\/magistermelisa.pl\/index.php?rest_route=%2Fwp%2Fv2%2Fcomments&post=35"}],"version-history":[{"count":5,"href":"https:\/\/magistermelisa.pl\/index.php?rest_route=\/wp\/v2\/pages\/35\/revisions"}],"predecessor-version":[{"id":179,"href":"https:\/\/magistermelisa.pl\/index.php?rest_route=\/wp\/v2\/pages\/35\/revisions\/179"}],"wp:attachment":[{"href":"https:\/\/magistermelisa.pl\/index.php?rest_route=%2Fwp%2Fv2%2Fmedia&parent=35"}],"curies":[{"name":"wp","href":"https:\/\/api.w.org\/{rel}","templated":true}]}}