{"id":132,"date":"2023-09-19T18:51:38","date_gmt":"2023-09-19T16:51:38","guid":{"rendered":"https:\/\/magistermelisa.pl\/?page_id=132"},"modified":"2024-02-12T10:33:59","modified_gmt":"2024-02-12T09:33:59","slug":"o-mnie","status":"publish","type":"page","link":"https:\/\/magistermelisa.pl\/?page_id=132","title":{"rendered":"Poznajmy si\u0119"},"content":{"rendered":"\n<p class=\"has-white-background-color has-background\">Jestem magistrem farmacji, posiadam specjalizacj\u0119 z farmacji klinicznej. Uko\u0144czy\u0142am r\u00f3wnie\u017c podyplomowe studia &#8222;Opieka farmaceutyczna w geriatrii&#8221;. Jestem cz\u0142onkiem Polskiego Towarzystwa Opieki Farmaceutycznej. W swojej praktyce staram si\u0119 ci\u0105gle rozwija\u0107. Szczeg\u00f3lnie interesuj\u0105 mnie zagadnienia zwi\u0105zane z wielolekowo\u015bci\u0105.  Prywatnie jestem m\u0119\u017catk\u0105, matk\u0105 dw\u00f3jki dzieci i w\u0142a\u015bcicielk\u0105 ma\u0142ego zwierzy\u0144ca \ud83d\ude42 Interesuj\u0119 si\u0119 wszelkimi aspektami zdrowego trybu \u017cycia, ogrodnictwem ekologicznym i przyrod\u0105. <br><\/p>\n\n\n\n<p><\/p>\n\n\n\n<pre class=\"wp-block-code\"><code><\/code><\/pre>\n","protected":false},"excerpt":{"rendered":"<p>Jestem magistrem farmacji, posiadam specjalizacj\u0119 z farmacji klinicznej. Uko\u0144czy\u0142am r\u00f3wnie\u017c podyplomowe studia &#8222;Opieka farmaceutyczna w geriatrii&#8221;. Jestem cz\u0142onkiem Polskiego Towarzystwa Opieki Farmaceutycznej. W swojej praktyce staram si\u0119 ci\u0105gle rozwija\u0107. Szczeg\u00f3lnie interesuj\u0105 mnie zagadnienia zwi\u0105zane z wielolekowo\u015bci\u0105. Prywatnie jestem m\u0119\u017catk\u0105, matk\u0105 dw\u00f3jki dzieci i w\u0142a\u015bcicielk\u0105 ma\u0142ego zwierzy\u0144ca \ud83d\ude42 Interesuj\u0119 si\u0119 wszelkimi aspektami zdrowego trybu \u017cycia, ogrodnictwem [&hellip;]<\/p>\n","protected":false},"author":1,"featured_media":0,"parent":0,"menu_order":0,"comment_status":"closed","ping_status":"closed","template":"page-template-containerwidth.php","meta":{"om_disable_all_campaigns":false,"_mi_skip_tracking":false,"_monsterinsights_sitenote_active":false,"_monsterinsights_sitenote_note":"","_monsterinsights_sitenote_category":0,"footnotes":""},"aioseo_notices":[],"_links":{"self":[{"href":"https:\/\/magistermelisa.pl\/index.php?rest_route=\/wp\/v2\/pages\/132"}],"collection":[{"href":"https:\/\/magistermelisa.pl\/index.php?rest_route=\/wp\/v2\/pages"}],"about":[{"href":"https:\/\/magistermelisa.pl\/index.php?rest_route=\/wp\/v2\/types\/page"}],"author":[{"embeddable":true,"href":"https:\/\/magistermelisa.pl\/index.php?rest_route=\/wp\/v2\/users\/1"}],"replies":[{"embeddable":true,"href":"https:\/\/magistermelisa.pl\/index.php?rest_route=%2Fwp%2Fv2%2Fcomments&post=132"}],"version-history":[{"count":7,"href":"https:\/\/magistermelisa.pl\/index.php?rest_route=\/wp\/v2\/pages\/132\/revisions"}],"predecessor-version":[{"id":209,"href":"https:\/\/magistermelisa.pl\/index.php?rest_route=\/wp\/v2\/pages\/132\/revisions\/209"}],"wp:attachment":[{"href":"https:\/\/magistermelisa.pl\/index.php?rest_route=%2Fwp%2Fv2%2Fmedia&parent=132"}],"curies":[{"name":"wp","href":"https:\/\/api.w.org\/{rel}","templated":true}]}}