{"id":117,"date":"2024-01-25T16:53:43","date_gmt":"2024-01-25T15:53:43","guid":{"rendered":"https:\/\/magistermelisa.pl\/?page_id=117"},"modified":"2024-01-25T16:53:43","modified_gmt":"2024-01-25T15:53:43","slug":"wsparcie-dla-tworcy-bardzo-mile-widziane","status":"publish","type":"page","link":"https:\/\/magistermelisa.pl\/?page_id=117","title":{"rendered":"Wsparcie dla tw\u00f3rcy (bardzo mile widziane)"},"content":{"rendered":"\n<p class=\"has-white-background-color has-background\">Je\u015bli chcesz wesprze\u0107 tworzenie przeze mnie tre\u015bci, b\u0119d\u0119 wdzi\u0119czna <a href=\"https:\/\/buycoffee.to\/magistermelisa\" target=\"_blank\" rel=\"noopener\" title=\"\">za postawienie mi kawy<\/a>. Jak wiadomo, tworzenie wpis\u00f3w zajmuje du\u017co czasu, r\u00f3wnie\u017c dlatego, \u017ce korzystam g\u0142\u00f3wnie z zagranicznych \u017ar\u00f3de\u0142 \ud83d\ude42 Sama t\u0142umacz\u0119 i pisz\u0119 teksty, cz\u0119\u015b\u0107 zdj\u0119\u0107 na blogu jest r\u00f3wnie\u017c mojego autorstwa. <\/p>\n\n\n\n<p>Z g\u00f3ry dzi\u0119kuj\u0119 za udzielon\u0105 pomoc. <\/p>\n\n\n\n<p><\/p>\n\n\n\n<figure class=\"wp-block-image size-full\"><img loading=\"lazy\" decoding=\"async\" width=\"560\" height=\"560\" src=\"https:\/\/magistermelisa.pl\/wp-content\/uploads\/2024\/01\/Property1Variant3_8a7661fba9.png\" alt=\"\" class=\"wp-image-172\" srcset=\"https:\/\/magistermelisa.pl\/wp-content\/uploads\/2024\/01\/Property1Variant3_8a7661fba9.png 560w, https:\/\/magistermelisa.pl\/wp-content\/uploads\/2024\/01\/Property1Variant3_8a7661fba9-300x300.png 300w, https:\/\/magistermelisa.pl\/wp-content\/uploads\/2024\/01\/Property1Variant3_8a7661fba9-150x150.png 150w\" sizes=\"(max-width: 560px) 100vw, 560px\" \/><\/figure>\n","protected":false},"excerpt":{"rendered":"<p>Je\u015bli chcesz wesprze\u0107 tworzenie przeze mnie tre\u015bci, b\u0119d\u0119 wdzi\u0119czna za postawienie mi kawy. Jak wiadomo, tworzenie wpis\u00f3w zajmuje du\u017co czasu, r\u00f3wnie\u017c dlatego, \u017ce korzystam g\u0142\u00f3wnie z zagranicznych \u017ar\u00f3de\u0142 \ud83d\ude42 Sama t\u0142umacz\u0119 i pisz\u0119 teksty, cz\u0119\u015b\u0107 zdj\u0119\u0107 na blogu jest r\u00f3wnie\u017c mojego autorstwa. Z g\u00f3ry dzi\u0119kuj\u0119 za udzielon\u0105 pomoc.<\/p>\n","protected":false},"author":1,"featured_media":0,"parent":0,"menu_order":0,"comment_status":"closed","ping_status":"closed","template":"","meta":{"om_disable_all_campaigns":false,"_mi_skip_tracking":false,"_monsterinsights_sitenote_active":false,"_monsterinsights_sitenote_note":"","_monsterinsights_sitenote_category":0,"footnotes":""},"aioseo_notices":[],"_links":{"self":[{"href":"https:\/\/magistermelisa.pl\/index.php?rest_route=\/wp\/v2\/pages\/117"}],"collection":[{"href":"https:\/\/magistermelisa.pl\/index.php?rest_route=\/wp\/v2\/pages"}],"about":[{"href":"https:\/\/magistermelisa.pl\/index.php?rest_route=\/wp\/v2\/types\/page"}],"author":[{"embeddable":true,"href":"https:\/\/magistermelisa.pl\/index.php?rest_route=\/wp\/v2\/users\/1"}],"replies":[{"embeddable":true,"href":"https:\/\/magistermelisa.pl\/index.php?rest_route=%2Fwp%2Fv2%2Fcomments&post=117"}],"version-history":[{"count":4,"href":"https:\/\/magistermelisa.pl\/index.php?rest_route=\/wp\/v2\/pages\/117\/revisions"}],"predecessor-version":[{"id":174,"href":"https:\/\/magistermelisa.pl\/index.php?rest_route=\/wp\/v2\/pages\/117\/revisions\/174"}],"wp:attachment":[{"href":"https:\/\/magistermelisa.pl\/index.php?rest_route=%2Fwp%2Fv2%2Fmedia&parent=117"}],"curies":[{"name":"wp","href":"https:\/\/api.w.org\/{rel}","templated":true}]}}